{"id":43,"date":"2022-01-05T06:36:20","date_gmt":"2022-01-05T06:36:20","guid":{"rendered":"http:\/\/fastwpdemo.com\/newwp\/dentalo\/?page_id=43"},"modified":"2023-01-07T00:06:02","modified_gmt":"2023-01-06T23:06:02","slug":"denturesm","status":"publish","type":"page","link":"https:\/\/physio-havanna.de\/?page_id=43","title":{"rendered":"Wellness&#038;Preise"},"content":{"rendered":"\t\t<div data-elementor-type=\"wp-page\" data-elementor-id=\"43\" class=\"elementor elementor-43\">\n\t\t\t\t\t\t\t\t\t<section class=\"elementor-section elementor-top-section elementor-element elementor-element-7b1ec8a elementor-section-full_width elementor-section-height-default elementor-section-height-default\" data-id=\"7b1ec8a\" data-element_type=\"section\">\n\t\t\t\t\t\t<div class=\"elementor-container elementor-column-gap-default\">\n\t\t\t\t\t<div class=\"elementor-column elementor-col-100 elementor-top-column elementor-element elementor-element-a4996fc\" data-id=\"a4996fc\" data-element_type=\"column\">\n\t\t\t<div class=\"elementor-widget-wrap elementor-element-populated\">\n\t\t\t\t\t\t\t\t<div class=\"elementor-element elementor-element-667ea17 elementor-widget elementor-widget-dentalo_service_description_1\" data-id=\"667ea17\" data-element_type=\"widget\" data-widget_type=\"dentalo_service_description_1.default\">\n\t\t\t\t<div class=\"elementor-widget-container\">\n\t\t\t    \n    <section class=\"service-details\">\n        <div class=\"container\">\n            <div class=\"row\">\n                                \n                <div class=\"col-lg-12\">\n                    <div class=\"service-details__content\">\n                                                <div class=\"service-details__image\">\n                            <img src=\"https:\/\/physio-havanna.de\/wp-content\/uploads\/2023\/01\/beautiful-spa-composition-massage-table-wellness-center-copyspace-scaled.jpg\" alt=\"Awesome Image\" \/>\n                        <\/div><!-- \/.service-details__image -->\n                                                \n                        <h3 class=\"service-details__title\">WELLNESS by Havanna.<\/h3><!-- \/.service-details__title -->                        <p class=\"service-details__text\">Eine Massage, um die Sinne zu entz\u00fccken und Stress zu dern. In einer Fusion aus fern\u00f6stlichen Disziplinen und sehr auf Erholung ausgelegten Techniken aus Mexiko wir\u00abdas Erlebnis der Massagebehandlung zu einer ganzheitlchen, das Wohlbefinden steigernden Erfahrung.<\/p><!-- \/.service-details__text -->                        <p class=\"service-details__text\">Eingangs werden mit Fingerspitzen-Ber\u00fchrungen die Sinne f\u00fcr die K\u00f6rperwahrnehmung gesch\u00e4rft, stets mit Bewegungen von oben nach unten, bis zu Beinen und F\u00fc\u00dfen,welche symmetrisch und in jeweils gew\u00fcnschter Instensit\u00e4t erfolgt. Erst wenn der Practitioner sich einmal vom Kopf bis zu den F\u00fc\u00dfen durchgearbeitet hat, beginnt er sich, Zonen zu widmen, die von Schmerz und Verpannung befreit werden wollen. Diesen widmet er sich f\u00fcr den Rest der Zeit, sodass Sie eine gro\u00dfartige Sinneserfahrung haben, welche bei wiederholtem Einsatz dauerhaft entspannt und ausgleicht.\nDas Ziel einer medizinischen Massage ist immer, bestehende Schmerzen oder Erkrankungen zu lindern. In vielen F\u00e4llen wird eine medizinische Massage auch vom Arzt als Therapie verordnet. Dementsprechend werden auf der Massageliege schmerzhafte Bereiche bevorzugt behandelt. Das Ziel, gr\u00f6\u00dferes Wohlbefinden zu erreichen, besteht allerdings trotzdem.<\/p><!-- \/.service-details__text -->                        \n                        <div class=\"service-details__image-content\">\n                            <div class=\"row\">\n                                                                <div class=\"col-lg-7\">\n                                    <div class=\"service-details__image-content__content\">\n                                                                                \n                                                                            \n                                    <\/div><!-- \/.service-details__image-content__image -->\n                                <\/div><!-- \/.col-lg-7 -->\n                            <\/div><!-- \/.row -->\n                        <\/div><!-- \/.service-details__image-content -->\n                        \n                        <div class=\"row\">\n                            <div class=\"col-lg-8\">\n                                <h3 class=\"service-details__sub-title\"><\/h3><!-- \/.service-details__sub-title -->\n                                <div class=\"accrodion-grp\" data-grp-name=\"faq-accrodion-one\">\n                                \t                                    <div class=\"accrodion active\">\n                                        <div class=\"accrodion-title\">\n                                            <h4>bei Fragen z\u00f6gern Sie bitte nicht uns zu kontaktieren\n030-43743-922<\/h4>\n                                        <\/div>\n                                        <div class=\"accrodion-content\">\n                                            <div class=\"inner\">\n                                                <p><\/p>\n                                            <\/div><!-- \/.inner -->\n                                        <\/div>\n                                    <\/div>\n                                                                    <\/div>\n                            <\/div><!-- \/.col-lg-8 -->\n                                                    <\/div><!-- \/.row -->\n                        \n                                                <div class=\"row\">\n                            <div class=\"col-lg-12\">\n                                <div class=\"service-details__pricing\">\n                                    <h3 class=\"service-details__pricing-title\">Unsere Angeboten<\/h3><!-- \/.service-details__pricing-title -->                                    <ul class=\"service-details__pricing-list\">\n                                                                                <li class=\"service-details__pricing-list-item\">\n                                            <span class=\"service-details__pricing-name\">Ganzk\u00f6rpermassage<\/span>\n                                            <span class=\"service-details__pricing-price\">60 Minuten=60 Euro<\/span>\n                                        <\/li><!-- \/.service-details__pricing-list-item -->\n                                                                                <li class=\"service-details__pricing-list-item\">\n                                            <span class=\"service-details__pricing-name\">R\u00fcckenmassage <\/span>\n                                            <span class=\"service-details__pricing-price\"> 30 Minuten = 35 Euro<\/span>\n                                        <\/li><!-- \/.service-details__pricing-list-item -->\n                                                                                <li class=\"service-details__pricing-list-item\">\n                                            <span class=\"service-details__pricing-name\">Schultermassage<\/span>\n                                            <span class=\"service-details__pricing-price\">20 Minuten = 25 Euro<\/span>\n                                        <\/li><!-- \/.service-details__pricing-list-item -->\n                                                                                <li class=\"service-details__pricing-list-item\">\n                                            <span class=\"service-details__pricing-name\">Fu\u00dfmassage<\/span>\n                                            <span class=\"service-details__pricing-price\">20 Minuten = 20 Euro<\/span>\n                                        <\/li><!-- \/.service-details__pricing-list-item -->\n                                                                                <li class=\"service-details__pricing-list-item\">\n                                            <span class=\"service-details__pricing-name\">Kopfmassage<\/span>\n                                            <span class=\"service-details__pricing-price\">15 Minuten =20 Euro<\/span>\n                                        <\/li><!-- \/.service-details__pricing-list-item -->\n                                                                                <li class=\"service-details__pricing-list-item\">\n                                            <span class=\"service-details__pricing-name\">Reflexzonenmassage<\/span>\n                                            <span class=\"service-details__pricing-price\">30 Minuten = 40 Euro<\/span>\n                                        <\/li><!-- \/.service-details__pricing-list-item -->\n                                                                            <\/ul><!-- \/.service-details__pricing-list -->\n                                <\/div><!-- \/.service-details__pricing -->\n                            <\/div><!-- \/.col-lg-12 -->\n                        <\/div><!-- \/.row -->\n                                            <\/div><!-- \/.service-details__content -->\n                <\/div><!-- \/.col-lg-9 -->\n            <\/div><!-- \/.row -->\n        <\/div><!-- \/.container -->\n    <\/section><!-- \/.service-details -->\n        \n\t\t\t<\/div>\n\t\t\t\t<\/div>\n\t\t\t\t\t<\/div>\n\t\t<\/div>\n\t\t\t\t\t\t\t<\/div>\n\t\t<\/section>\n\t\t\t\t<section class=\"elementor-section elementor-top-section elementor-element elementor-element-a0248d0 elementor-section-full_width elementor-section-height-default elementor-section-height-default\" data-id=\"a0248d0\" data-element_type=\"section\">\n\t\t\t\t\t\t<div class=\"elementor-container elementor-column-gap-default\">\n\t\t\t\t\t<div class=\"elementor-column elementor-col-100 elementor-top-column elementor-element elementor-element-381c466\" data-id=\"381c466\" data-element_type=\"column\">\n\t\t\t<div class=\"elementor-widget-wrap\">\n\t\t\t\t\t\t\t\t\t<\/div>\n\t\t<\/div>\n\t\t\t\t\t\t\t<\/div>\n\t\t<\/section>\n\t\t\t\t\t\t\t<\/div>\n\t\t","protected":false},"excerpt":{"rendered":"<p>WELLNESS by Havanna. Eine Massage, um die Sinne zu entz\u00fccken und Stress zu dern. In einer Fusion aus fern\u00f6stlichen Disziplinen und sehr auf Erholung ausgelegten Techniken aus Mexiko wir\u00abdas Erlebnis der Massagebehandlung zu einer ganzheitlchen, das Wohlbefinden steigernden Erfahrung. Eingangs werden mit Fingerspitzen-Ber\u00fchrungen die Sinne f\u00fcr die K\u00f6rperwahrnehmung gesch\u00e4rft, stets mit Bewegungen von oben nach [&hellip;]<\/p>\n","protected":false},"author":1,"featured_media":0,"parent":0,"menu_order":0,"comment_status":"closed","ping_status":"closed","template":"tpl-default-elementor.php","meta":[],"_links":{"self":[{"href":"https:\/\/physio-havanna.de\/index.php?rest_route=\/wp\/v2\/pages\/43"}],"collection":[{"href":"https:\/\/physio-havanna.de\/index.php?rest_route=\/wp\/v2\/pages"}],"about":[{"href":"https:\/\/physio-havanna.de\/index.php?rest_route=\/wp\/v2\/types\/page"}],"author":[{"embeddable":true,"href":"https:\/\/physio-havanna.de\/index.php?rest_route=\/wp\/v2\/users\/1"}],"replies":[{"embeddable":true,"href":"https:\/\/physio-havanna.de\/index.php?rest_route=%2Fwp%2Fv2%2Fcomments&post=43"}],"version-history":[{"count":40,"href":"https:\/\/physio-havanna.de\/index.php?rest_route=\/wp\/v2\/pages\/43\/revisions"}],"predecessor-version":[{"id":1924,"href":"https:\/\/physio-havanna.de\/index.php?rest_route=\/wp\/v2\/pages\/43\/revisions\/1924"}],"wp:attachment":[{"href":"https:\/\/physio-havanna.de\/index.php?rest_route=%2Fwp%2Fv2%2Fmedia&parent=43"}],"curies":[{"name":"wp","href":"https:\/\/api.w.org\/{rel}","templated":true}]}}