{"id":1964,"date":"2023-02-12T13:19:41","date_gmt":"2023-02-12T12:19:41","guid":{"rendered":"https:\/\/physio-havanna.de\/?page_id=1964"},"modified":"2025-05-14T18:11:16","modified_gmt":"2025-05-14T16:11:16","slug":"masseur-ureinwohner","status":"publish","type":"page","link":"https:\/\/physio-havanna.de\/?page_id=1964","title":{"rendered":"MASSEUR UREINWOHNER"},"content":{"rendered":"\t\t<div data-elementor-type=\"wp-page\" data-elementor-id=\"1964\" class=\"elementor elementor-1964\">\n\t\t\t\t\t\t\t\t\t<section class=\"elementor-section elementor-top-section elementor-element elementor-element-a4d2b12 elementor-section-boxed elementor-section-height-default elementor-section-height-default\" data-id=\"a4d2b12\" data-element_type=\"section\">\n\t\t\t\t\t\t<div class=\"elementor-container elementor-column-gap-default\">\n\t\t\t\t\t<div class=\"elementor-column elementor-col-25 elementor-top-column elementor-element elementor-element-6b7302a\" data-id=\"6b7302a\" data-element_type=\"column\">\n\t\t\t<div class=\"elementor-widget-wrap elementor-element-populated\">\n\t\t\t\t\t\t\t\t<div class=\"elementor-element elementor-element-2acfd2d elementor-widget elementor-widget-image\" data-id=\"2acfd2d\" data-element_type=\"widget\" data-widget_type=\"image.default\">\n\t\t\t\t<div class=\"elementor-widget-container\">\n\t\t\t<style>\/*! elementor - v3.9.2 - 21-12-2022 *\/\n.elementor-widget-image{text-align:center}.elementor-widget-image a{display:inline-block}.elementor-widget-image a img[src$=\".svg\"]{width:48px}.elementor-widget-image img{vertical-align:middle;display:inline-block}<\/style>\t\t\t\t\t\t\t\t\t\t\t\t<img width=\"233\" height=\"346\" src=\"https:\/\/physio-havanna.de\/wp-content\/uploads\/2023\/03\/AnyConv.com__179cd61a-84da-43bf-8f8e-5315e047c4d3.jpg\" class=\"attachment-large size-large wp-image-1996\" alt=\"\" loading=\"lazy\" srcset=\"https:\/\/physio-havanna.de\/wp-content\/uploads\/2023\/03\/AnyConv.com__179cd61a-84da-43bf-8f8e-5315e047c4d3.jpg 233w, https:\/\/physio-havanna.de\/wp-content\/uploads\/2023\/03\/AnyConv.com__179cd61a-84da-43bf-8f8e-5315e047c4d3-202x300.jpg 202w\" sizes=\"(max-width: 233px) 100vw, 233px\" \/>\t\t\t\t\t\t\t\t\t\t\t\t\t\t\t<\/div>\n\t\t\t\t<\/div>\n\t\t\t\t\t<\/div>\n\t\t<\/div>\n\t\t\t\t<div class=\"elementor-column elementor-col-25 elementor-top-column elementor-element elementor-element-64866dc\" data-id=\"64866dc\" data-element_type=\"column\">\n\t\t\t<div class=\"elementor-widget-wrap elementor-element-populated\">\n\t\t\t\t\t\t\t\t<div class=\"elementor-element elementor-element-02fe895 elementor-widget elementor-widget-image\" data-id=\"02fe895\" data-element_type=\"widget\" data-widget_type=\"image.default\">\n\t\t\t\t<div class=\"elementor-widget-container\">\n\t\t\t\t\t\t\t\t\t\t\t\t\t\t\t<img width=\"230\" height=\"348\" src=\"https:\/\/physio-havanna.de\/wp-content\/uploads\/2023\/03\/AnyConv.com__51212aee-0dc6-4dfb-8ee2-f7fb56c210f9.jpg\" class=\"attachment-large size-large wp-image-1997\" alt=\"\" loading=\"lazy\" srcset=\"https:\/\/physio-havanna.de\/wp-content\/uploads\/2023\/03\/AnyConv.com__51212aee-0dc6-4dfb-8ee2-f7fb56c210f9.jpg 230w, https:\/\/physio-havanna.de\/wp-content\/uploads\/2023\/03\/AnyConv.com__51212aee-0dc6-4dfb-8ee2-f7fb56c210f9-198x300.jpg 198w\" sizes=\"(max-width: 230px) 100vw, 230px\" \/>\t\t\t\t\t\t\t\t\t\t\t\t\t\t\t<\/div>\n\t\t\t\t<\/div>\n\t\t\t\t\t<\/div>\n\t\t<\/div>\n\t\t\t\t<div class=\"elementor-column elementor-col-25 elementor-top-column elementor-element elementor-element-507fc4f\" data-id=\"507fc4f\" data-element_type=\"column\">\n\t\t\t<div class=\"elementor-widget-wrap elementor-element-populated\">\n\t\t\t\t\t\t\t\t<div class=\"elementor-element elementor-element-139339e elementor-widget elementor-widget-image\" data-id=\"139339e\" data-element_type=\"widget\" data-widget_type=\"image.default\">\n\t\t\t\t<div class=\"elementor-widget-container\">\n\t\t\t\t\t\t\t\t\t\t\t\t\t\t\t<img width=\"236\" height=\"345\" src=\"https:\/\/physio-havanna.de\/wp-content\/uploads\/2023\/03\/AnyConv.com__a059c83a-3124-4917-9946-7c542b996d77.jpg\" class=\"attachment-large size-large wp-image-1998\" alt=\"\" loading=\"lazy\" srcset=\"https:\/\/physio-havanna.de\/wp-content\/uploads\/2023\/03\/AnyConv.com__a059c83a-3124-4917-9946-7c542b996d77.jpg 236w, https:\/\/physio-havanna.de\/wp-content\/uploads\/2023\/03\/AnyConv.com__a059c83a-3124-4917-9946-7c542b996d77-205x300.jpg 205w\" sizes=\"(max-width: 236px) 100vw, 236px\" \/>\t\t\t\t\t\t\t\t\t\t\t\t\t\t\t<\/div>\n\t\t\t\t<\/div>\n\t\t\t\t\t<\/div>\n\t\t<\/div>\n\t\t\t\t<div class=\"elementor-column elementor-col-25 elementor-top-column elementor-element elementor-element-3b2fc6e\" data-id=\"3b2fc6e\" data-element_type=\"column\">\n\t\t\t<div class=\"elementor-widget-wrap elementor-element-populated\">\n\t\t\t\t\t\t\t\t<div class=\"elementor-element elementor-element-959524a elementor-widget elementor-widget-image\" data-id=\"959524a\" data-element_type=\"widget\" data-widget_type=\"image.default\">\n\t\t\t\t<div class=\"elementor-widget-container\">\n\t\t\t\t\t\t\t\t\t\t\t\t\t\t\t<img width=\"232\" height=\"348\" src=\"https:\/\/physio-havanna.de\/wp-content\/uploads\/2023\/03\/AnyConv.com__db14ef1d-036d-4be9-a7f0-cf7ed95a6957.jpg\" class=\"attachment-large size-large wp-image-1999\" alt=\"\" loading=\"lazy\" srcset=\"https:\/\/physio-havanna.de\/wp-content\/uploads\/2023\/03\/AnyConv.com__db14ef1d-036d-4be9-a7f0-cf7ed95a6957.jpg 232w, https:\/\/physio-havanna.de\/wp-content\/uploads\/2023\/03\/AnyConv.com__db14ef1d-036d-4be9-a7f0-cf7ed95a6957-200x300.jpg 200w\" sizes=\"(max-width: 232px) 100vw, 232px\" \/>\t\t\t\t\t\t\t\t\t\t\t\t\t\t\t<\/div>\n\t\t\t\t<\/div>\n\t\t\t\t\t<\/div>\n\t\t<\/div>\n\t\t\t\t\t\t\t<\/div>\n\t\t<\/section>\n\t\t\t\t<section class=\"elementor-section elementor-top-section elementor-element elementor-element-7b1ec8a elementor-section-full_width elementor-section-height-default elementor-section-height-default\" data-id=\"7b1ec8a\" data-element_type=\"section\">\n\t\t\t\t\t\t<div class=\"elementor-container elementor-column-gap-default\">\n\t\t\t\t\t<div class=\"elementor-column elementor-col-100 elementor-top-column elementor-element elementor-element-a4996fc\" data-id=\"a4996fc\" data-element_type=\"column\">\n\t\t\t<div class=\"elementor-widget-wrap elementor-element-populated\">\n\t\t\t\t\t\t\t\t<div class=\"elementor-element elementor-element-667ea17 elementor-widget elementor-widget-dentalo_service_description_1\" data-id=\"667ea17\" data-element_type=\"widget\" data-widget_type=\"dentalo_service_description_1.default\">\n\t\t\t\t<div class=\"elementor-widget-container\">\n\t\t\t    \n    <section class=\"service-details\">\n        <div class=\"container\">\n            <div class=\"row\">\n                                \n                <div class=\"col-lg-12\">\n                    <div class=\"service-details__content\">\n                                                \n                        <h3 class=\"service-details__title\">MASSEUR &amp; INDIGENE HEILERIN\n\n<\/h3><!-- \/.service-details__title -->                        <p class=\"service-details__text\">Ich bin in der traditionellen Heilpraxis meiner indigenen Gro\u00dfmutter aus der Region Mexiko ausgebildet worden. Gemeinsam mit Hebammen, Heilern und Heilerinnen habe ich \u00fcber viele Jahre in Bergd\u00f6rfern gearbeitet und umfassende Erfahrungen in nat\u00fcrlichen Massagetechniken sowie spirituellen Zeremonien gesammelt.\n\nIn Deutschland habe ich zus\u00e4tzlich ein medizinisches Massagezertifikat erworben \u2013 dadurch biete ich neben traditionellen Anwendungen auch klassische medizinische Massagen an.\n\n\n<\/p><!-- \/.service-details__text -->                        <p class=\"service-details__text\">Heute m\u00f6chte ich mein Wissen und meine F\u00e4higkeiten mit Ihnen teilen \u2013 f\u00fcr tiefe Entspannung, ganzheitliche Heilung und innere Harmonie.\n<\/p><!-- \/.service-details__text -->                        \n                        <div class=\"service-details__image-content\">\n                            <div class=\"row\">\n                                                                <div class=\"col-lg-7\">\n                                    <div class=\"service-details__image-content__content\">\n                                                                                <p class=\"service-details__tag-line\">\n\t\t\t\t\t\t\t\t\t\t\t  <br> \n                                        \t                                        <\/p><!-- \/.service-details__tag-line -->\n                                                                                \n                                                                            \n                                    <\/div><!-- \/.service-details__image-content__image -->\n                                <\/div><!-- \/.col-lg-7 -->\n                            <\/div><!-- \/.row -->\n                        <\/div><!-- \/.service-details__image-content -->\n                        \n                        <div class=\"row\">\n                            <div class=\"col-lg-8\">\n                                <h3 class=\"service-details__sub-title\"> <\/h3><!-- \/.service-details__sub-title -->\n                                <div class=\"accrodion-grp\" data-grp-name=\"faq-accrodion-one\">\n                                \t                                    <div class=\"accrodion active\">\n                                        <div class=\"accrodion-title\">\n                                            <h4>bei Fragen z\u00f6gern Sie bitte nicht uns zu kontaktieren\n030-43743-922<\/h4>\n                                        <\/div>\n                                        <div class=\"accrodion-content\">\n                                            <div class=\"inner\">\n                                                <p><\/p>\n                                            <\/div><!-- \/.inner -->\n                                        <\/div>\n                                    <\/div>\n                                                                    <\/div>\n                            <\/div><!-- \/.col-lg-8 -->\n                                                        <div class=\"col-lg-4\">\n                                <h3 class=\"service-details__sub-title\"> <\/h3><!-- \/.service-details__sub-title -->                                <div class=\"faq-content\">\n                                                                        <p class=\"service-details__text\"> <\/p><!-- \/.service-details__text -->                                <\/div><!-- \/.faq-content -->\n                            <\/div><!-- \/.col-lg-4 -->\n                        \t                        <\/div><!-- \/.row -->\n                        \n                                                <div class=\"row\">\n                            <div class=\"col-lg-12\">\n                                <div class=\"service-details__pricing\">\n                                    <h3 class=\"service-details__pricing-title\">Spezialisierung<\/h3><!-- \/.service-details__pricing-title -->                                    <ul class=\"service-details__pricing-list\">\n                                                                                <li class=\"service-details__pricing-list-item\">\n                                            <span class=\"service-details__pricing-name\">Ganzk\u00f6rpermassage<\/span>\n                                            <span class=\"service-details__pricing-price\"><\/span>\n                                        <\/li><!-- \/.service-details__pricing-list-item -->\n                                                                                <li class=\"service-details__pricing-list-item\">\n                                            <span class=\"service-details__pricing-name\">Aroma\u00f6lmassage<\/span>\n                                            <span class=\"service-details__pricing-price\"><\/span>\n                                        <\/li><!-- \/.service-details__pricing-list-item -->\n                                                                                <li class=\"service-details__pricing-list-item\">\n                                            <span class=\"service-details__pricing-name\">Herbalo Reflexzonenmassage<\/span>\n                                            <span class=\"service-details__pricing-price\"><\/span>\n                                        <\/li><!-- \/.service-details__pricing-list-item -->\n                                                                                <li class=\"service-details__pricing-list-item\">\n                                            <span class=\"service-details__pricing-name\">Fu\u00dfmassage<\/span>\n                                            <span class=\"service-details__pricing-price\"><\/span>\n                                        <\/li><!-- \/.service-details__pricing-list-item -->\n                                                                                <li class=\"service-details__pricing-list-item\">\n                                            <span class=\"service-details__pricing-name\">R\u00fccken und Schultermassage,<\/span>\n                                            <span class=\"service-details__pricing-price\"><\/span>\n                                        <\/li><!-- \/.service-details__pricing-list-item -->\n                                                                                <li class=\"service-details__pricing-list-item\">\n                                            <span class=\"service-details__pricing-name\">Kopf Massage<\/span>\n                                            <span class=\"service-details__pricing-price\"><\/span>\n                                        <\/li><!-- \/.service-details__pricing-list-item -->\n                                                                                <li class=\"service-details__pricing-list-item\">\n                                            <span class=\"service-details__pricing-name\">Triggerpunktmassage<\/span>\n                                            <span class=\"service-details__pricing-price\"><\/span>\n                                        <\/li><!-- \/.service-details__pricing-list-item -->\n                                                                                <li class=\"service-details__pricing-list-item\">\n                                            <span class=\"service-details__pricing-name\">Sportmas\n<\/span>\n                                            <span class=\"service-details__pricing-price\"><\/span>\n                                        <\/li><!-- \/.service-details__pricing-list-item -->\n                                                                                <li class=\"service-details__pricing-list-item\">\n                                            <span class=\"service-details__pricing-name\">Sportassage<\/span>\n                                            <span class=\"service-details__pricing-price\"><\/span>\n                                        <\/li><!-- \/.service-details__pricing-list-item -->\n                                                                                <li class=\"service-details__pricing-list-item\">\n                                            <span class=\"service-details__pricing-name\">Tiefengewebsmassage<\/span>\n                                            <span class=\"service-details__pricing-price\"><\/span>\n                                        <\/li><!-- \/.service-details__pricing-list-item -->\n                                                                                <li class=\"service-details__pricing-list-item\">\n                                            <span class=\"service-details__pricing-name\">Thai-Massage\n<\/span>\n                                            <span class=\"service-details__pricing-price\"><\/span>\n                                        <\/li><!-- \/.service-details__pricing-list-item -->\n                                                                            <\/ul><!-- \/.service-details__pricing-list -->\n                                <\/div><!-- \/.service-details__pricing -->\n                            <\/div><!-- \/.col-lg-12 -->\n                        <\/div><!-- \/.row -->\n                                            <\/div><!-- \/.service-details__content -->\n                <\/div><!-- \/.col-lg-9 -->\n            <\/div><!-- \/.row -->\n        <\/div><!-- \/.container -->\n    <\/section><!-- \/.service-details -->\n        \n\t\t\t<\/div>\n\t\t\t\t<\/div>\n\t\t\t\t\t<\/div>\n\t\t<\/div>\n\t\t\t\t\t\t\t<\/div>\n\t\t<\/section>\n\t\t\t\t<section class=\"elementor-section elementor-top-section elementor-element elementor-element-a0248d0 elementor-section-full_width elementor-section-height-default elementor-section-height-default\" data-id=\"a0248d0\" data-element_type=\"section\">\n\t\t\t\t\t\t<div class=\"elementor-container elementor-column-gap-default\">\n\t\t\t\t\t<div class=\"elementor-column elementor-col-100 elementor-top-column elementor-element elementor-element-381c466\" data-id=\"381c466\" data-element_type=\"column\">\n\t\t\t<div class=\"elementor-widget-wrap\">\n\t\t\t\t\t\t\t\t\t<\/div>\n\t\t<\/div>\n\t\t\t\t\t\t\t<\/div>\n\t\t<\/section>\n\t\t\t\t\t\t\t<\/div>\n\t\t","protected":false},"excerpt":{"rendered":"<p>MASSEUR &amp; INDIGENE HEILERIN Ich bin in der traditionellen Heilpraxis meiner indigenen Gro\u00dfmutter aus der Region Mexiko ausgebildet worden. Gemeinsam mit Hebammen, Heilern und Heilerinnen habe ich \u00fcber viele Jahre in Bergd\u00f6rfern gearbeitet und umfassende Erfahrungen in nat\u00fcrlichen Massagetechniken sowie spirituellen Zeremonien gesammelt. In Deutschland habe ich zus\u00e4tzlich ein medizinisches Massagezertifikat erworben \u2013 dadurch biete [&hellip;]<\/p>\n","protected":false},"author":1,"featured_media":0,"parent":0,"menu_order":0,"comment_status":"closed","ping_status":"closed","template":"tpl-default-elementor.php","meta":[],"_links":{"self":[{"href":"https:\/\/physio-havanna.de\/index.php?rest_route=\/wp\/v2\/pages\/1964"}],"collection":[{"href":"https:\/\/physio-havanna.de\/index.php?rest_route=\/wp\/v2\/pages"}],"about":[{"href":"https:\/\/physio-havanna.de\/index.php?rest_route=\/wp\/v2\/types\/page"}],"author":[{"embeddable":true,"href":"https:\/\/physio-havanna.de\/index.php?rest_route=\/wp\/v2\/users\/1"}],"replies":[{"embeddable":true,"href":"https:\/\/physio-havanna.de\/index.php?rest_route=%2Fwp%2Fv2%2Fcomments&post=1964"}],"version-history":[{"count":34,"href":"https:\/\/physio-havanna.de\/index.php?rest_route=\/wp\/v2\/pages\/1964\/revisions"}],"predecessor-version":[{"id":2016,"href":"https:\/\/physio-havanna.de\/index.php?rest_route=\/wp\/v2\/pages\/1964\/revisions\/2016"}],"wp:attachment":[{"href":"https:\/\/physio-havanna.de\/index.php?rest_route=%2Fwp%2Fv2%2Fmedia&parent=1964"}],"curies":[{"name":"wp","href":"https:\/\/api.w.org\/{rel}","templated":true}]}}